{"id":134,"date":"2025-07-29T23:13:36","date_gmt":"2025-07-29T23:13:36","guid":{"rendered":"https:\/\/adare.mx\/?page_id=134"},"modified":"2025-08-01T22:37:43","modified_gmt":"2025-08-01T22:37:43","slug":"diseno","status":"publish","type":"page","link":"https:\/\/adare.mx\/index.php\/inicio\/diseno\/","title":{"rendered":"Dise\u00f1o"},"content":{"rendered":"\n<h1 class=\"wp-block-heading alignwide has-text-align-center\" style=\"font-size:clamp(2.111rem, 2.111rem + ((1vw - 0.2rem) * 2.649), 3.8rem);font-style:normal;font-weight:600\">Dise\u00f1o Arquitect\u00f3nico<\/h1>\n\n\n\n<hr class=\"wp-block-separator has-text-color has-base-color has-alpha-channel-opacity has-base-background-color has-background is-style-default\" style=\"margin-top:var(--wp--preset--spacing--30);margin-bottom:var(--wp--preset--spacing--30)\"\/>\n\n\n\n<div class=\"wp-block-jetpack-tiled-gallery alignwide is-style-square\"><div class=\"has-rounded-corners-11\"><div class=\"tiled-gallery__gallery\"><div class=\"tiled-gallery__row columns-5\"><div class=\"tiled-gallery__col\"><figure class=\"tiled-gallery__item\"><img decoding=\"async\" srcset=\"https:\/\/i0.wp.com\/adare.mx\/wp-content\/uploads\/2025\/07\/5FB_fprincipal1_2-1024x926.png?resize=600%2C600&#038;strip=info&#038;ssl=1 600w,https:\/\/i0.wp.com\/adare.mx\/wp-content\/uploads\/2025\/07\/5FB_fprincipal1_2-1024x926.png?resize=900%2C900&#038;strip=info&#038;ssl=1 900w,https:\/\/i0.wp.com\/adare.mx\/wp-content\/uploads\/2025\/07\/5FB_fprincipal1_2-1024x926.png?resize=1200%2C1200&#038;strip=info&#038;ssl=1 1200w,https:\/\/i0.wp.com\/adare.mx\/wp-content\/uploads\/2025\/07\/5FB_fprincipal1_2-1024x926.png?resize=1302%2C1302&#038;strip=info&#038;ssl=1 1302w\" alt=\"\" data-height=\"1302\" data-id=\"139\" data-link=\"https:\/\/adare.mx\/index.php\/inicio\/diseno\/5fb_fprincipal1_2\/\" data-url=\"https:\/\/adare.mx\/wp-content\/uploads\/2025\/07\/5FB_fprincipal1_2-1024x926.png\" data-width=\"1440\" src=\"https:\/\/i0.wp.com\/adare.mx\/wp-content\/uploads\/2025\/07\/5FB_fprincipal1_2-1024x926.png?ssl=1&amp;resize=1302%2C1302\" data-amp-layout=\"responsive\"\/><\/figure><\/div><div class=\"tiled-gallery__col\"><figure class=\"tiled-gallery__item\"><img decoding=\"async\" srcset=\"https:\/\/i0.wp.com\/adare.mx\/wp-content\/uploads\/2025\/07\/64593519_411255406135798_1335975390174248960_o-1024x768.jpg?resize=600%2C600&#038;strip=info&#038;ssl=1 600w,https:\/\/i0.wp.com\/adare.mx\/wp-content\/uploads\/2025\/07\/64593519_411255406135798_1335975390174248960_o-1024x768.jpg?resize=900%2C900&#038;strip=info&#038;ssl=1 900w,https:\/\/i0.wp.com\/adare.mx\/wp-content\/uploads\/2025\/07\/64593519_411255406135798_1335975390174248960_o-1024x768.jpg?resize=960%2C960&#038;strip=info&#038;ssl=1 960w\" alt=\"\" data-height=\"960\" data-id=\"144\" data-link=\"https:\/\/adare.mx\/index.php\/inicio\/diseno\/64593519_411255406135798_1335975390174248960_o\/\" data-url=\"https:\/\/adare.mx\/wp-content\/uploads\/2025\/07\/64593519_411255406135798_1335975390174248960_o-1024x768.jpg\" data-width=\"1280\" src=\"https:\/\/i0.wp.com\/adare.mx\/wp-content\/uploads\/2025\/07\/64593519_411255406135798_1335975390174248960_o-1024x768.jpg?ssl=1&amp;resize=960%2C960\" data-amp-layout=\"responsive\"\/><\/figure><\/div><div class=\"tiled-gallery__col\"><figure class=\"tiled-gallery__item\"><img decoding=\"async\" srcset=\"https:\/\/i0.wp.com\/adare.mx\/wp-content\/uploads\/2025\/07\/IMG_20221010_201205-1024x769.jpg?resize=600%2C600&#038;strip=info&#038;ssl=1 600w,https:\/\/i0.wp.com\/adare.mx\/wp-content\/uploads\/2025\/07\/IMG_20221010_201205-1024x769.jpg?resize=900%2C900&#038;strip=info&#038;ssl=1 900w,https:\/\/i0.wp.com\/adare.mx\/wp-content\/uploads\/2025\/07\/IMG_20221010_201205-1024x769.jpg?resize=923%2C923&#038;strip=info&#038;ssl=1 923w\" alt=\"\" data-height=\"923\" data-id=\"137\" data-link=\"https:\/\/adare.mx\/index.php\/inicio\/diseno\/img_20221010_201205\/\" data-url=\"https:\/\/adare.mx\/wp-content\/uploads\/2025\/07\/IMG_20221010_201205-1024x769.jpg\" data-width=\"1229\" src=\"https:\/\/i0.wp.com\/adare.mx\/wp-content\/uploads\/2025\/07\/IMG_20221010_201205-1024x769.jpg?ssl=1&amp;resize=923%2C923\" data-amp-layout=\"responsive\"\/><\/figure><\/div><div class=\"tiled-gallery__col\"><figure class=\"tiled-gallery__item\"><img decoding=\"async\" srcset=\"https:\/\/i0.wp.com\/adare.mx\/wp-content\/uploads\/2025\/07\/PALMITO-129-1-1024x708.jpg?resize=600%2C600&#038;strip=info&#038;ssl=1 600w,https:\/\/i0.wp.com\/adare.mx\/wp-content\/uploads\/2025\/07\/PALMITO-129-1-1024x708.jpg?resize=900%2C900&#038;strip=info&#038;ssl=1 900w,https:\/\/i0.wp.com\/adare.mx\/wp-content\/uploads\/2025\/07\/PALMITO-129-1-1024x708.jpg?resize=1200%2C1200&#038;strip=info&#038;ssl=1 1200w,https:\/\/i0.wp.com\/adare.mx\/wp-content\/uploads\/2025\/07\/PALMITO-129-1-1024x708.jpg?resize=1500%2C1500&#038;strip=info&#038;ssl=1 1500w,https:\/\/i0.wp.com\/adare.mx\/wp-content\/uploads\/2025\/07\/PALMITO-129-1-1024x708.jpg?resize=1771%2C1771&#038;strip=info&#038;ssl=1 1771w\" alt=\"\" data-height=\"1771\" data-id=\"138\" data-link=\"https:\/\/adare.mx\/index.php\/inicio\/diseno\/palmito-129-2\/\" data-url=\"https:\/\/adare.mx\/wp-content\/uploads\/2025\/07\/PALMITO-129-1-1024x708.jpg\" data-width=\"2560\" src=\"https:\/\/i0.wp.com\/adare.mx\/wp-content\/uploads\/2025\/07\/PALMITO-129-1-1024x708.jpg?ssl=1&amp;resize=1771%2C1771\" data-amp-layout=\"responsive\"\/><\/figure><\/div><div class=\"tiled-gallery__col\"><figure class=\"tiled-gallery__item\"><img decoding=\"async\" srcset=\"https:\/\/i0.wp.com\/adare.mx\/wp-content\/uploads\/2025\/07\/1-1024x576.jpg?resize=600%2C600&#038;strip=info&#038;ssl=1 600w,https:\/\/i0.wp.com\/adare.mx\/wp-content\/uploads\/2025\/07\/1-1024x576.jpg?resize=900%2C900&#038;strip=info&#038;ssl=1 900w,https:\/\/i0.wp.com\/adare.mx\/wp-content\/uploads\/2025\/07\/1-1024x576.jpg?resize=1080%2C1080&#038;strip=info&#038;ssl=1 1080w\" alt=\"\" data-height=\"1080\" data-id=\"143\" data-link=\"https:\/\/adare.mx\/index.php\/inicio\/diseno\/attachment\/1\/\" data-url=\"https:\/\/adare.mx\/wp-content\/uploads\/2025\/07\/1-1024x576.jpg\" data-width=\"1920\" src=\"https:\/\/i0.wp.com\/adare.mx\/wp-content\/uploads\/2025\/07\/1-1024x576.jpg?ssl=1&amp;resize=1080%2C1080\" data-amp-layout=\"responsive\"\/><\/figure><\/div><\/div><div class=\"tiled-gallery__row columns-5\"><div class=\"tiled-gallery__col\"><figure class=\"tiled-gallery__item\"><img decoding=\"async\" srcset=\"https:\/\/i0.wp.com\/adare.mx\/wp-content\/uploads\/2025\/07\/cocina6-1024x1024.png?resize=600%2C600&#038;strip=info&#038;ssl=1 600w,https:\/\/i0.wp.com\/adare.mx\/wp-content\/uploads\/2025\/07\/cocina6-1024x1024.png?resize=900%2C900&#038;strip=info&#038;ssl=1 900w,https:\/\/i0.wp.com\/adare.mx\/wp-content\/uploads\/2025\/07\/cocina6-1024x1024.png?resize=1200%2C1200&#038;strip=info&#038;ssl=1 1200w,https:\/\/i0.wp.com\/adare.mx\/wp-content\/uploads\/2025\/07\/cocina6-1024x1024.png?resize=1500%2C1500&#038;strip=info&#038;ssl=1 1500w,https:\/\/i0.wp.com\/adare.mx\/wp-content\/uploads\/2025\/07\/cocina6-1024x1024.png?resize=1800%2C1800&#038;strip=info&#038;ssl=1 1800w,https:\/\/i0.wp.com\/adare.mx\/wp-content\/uploads\/2025\/07\/cocina6-1024x1024.png?resize=2000%2C2000&#038;strip=info&#038;ssl=1 2000w\" alt=\"\" data-height=\"2000\" data-id=\"147\" data-link=\"https:\/\/adare.mx\/index.php\/inicio\/diseno\/cocina6\/\" data-url=\"https:\/\/adare.mx\/wp-content\/uploads\/2025\/07\/cocina6-1024x1024.png\" data-width=\"2000\" src=\"https:\/\/i0.wp.com\/adare.mx\/wp-content\/uploads\/2025\/07\/cocina6-1024x1024.png?ssl=1&amp;resize=2000%2C2000\" data-amp-layout=\"responsive\"\/><\/figure><\/div><div class=\"tiled-gallery__col\"><figure class=\"tiled-gallery__item\"><img decoding=\"async\" srcset=\"https:\/\/i0.wp.com\/adare.mx\/wp-content\/uploads\/2025\/07\/IMG_20200814_172513-759x1024.jpg?resize=600%2C600&#038;strip=info&#038;ssl=1 600w,https:\/\/i0.wp.com\/adare.mx\/wp-content\/uploads\/2025\/07\/IMG_20200814_172513-759x1024.jpg?resize=900%2C900&#038;strip=info&#038;ssl=1 900w,https:\/\/i0.wp.com\/adare.mx\/wp-content\/uploads\/2025\/07\/IMG_20200814_172513-759x1024.jpg?resize=1200%2C1200&#038;strip=info&#038;ssl=1 1200w,https:\/\/i0.wp.com\/adare.mx\/wp-content\/uploads\/2025\/07\/IMG_20200814_172513-759x1024.jpg?resize=1500%2C1500&#038;strip=info&#038;ssl=1 1500w,https:\/\/i0.wp.com\/adare.mx\/wp-content\/uploads\/2025\/07\/IMG_20200814_172513-759x1024.jpg?resize=1800%2C1800&#038;strip=info&#038;ssl=1 1800w,https:\/\/i0.wp.com\/adare.mx\/wp-content\/uploads\/2025\/07\/IMG_20200814_172513-759x1024.jpg?resize=1898%2C1898&#038;strip=info&#038;ssl=1 1898w\" alt=\"\" data-height=\"2560\" data-id=\"146\" data-link=\"https:\/\/adare.mx\/index.php\/inicio\/diseno\/img_20200814_172513\/\" data-url=\"https:\/\/adare.mx\/wp-content\/uploads\/2025\/07\/IMG_20200814_172513-759x1024.jpg\" data-width=\"1898\" src=\"https:\/\/i0.wp.com\/adare.mx\/wp-content\/uploads\/2025\/07\/IMG_20200814_172513-759x1024.jpg?ssl=1&amp;resize=1898%2C1898\" data-amp-layout=\"responsive\"\/><\/figure><\/div><div class=\"tiled-gallery__col\"><figure class=\"tiled-gallery__item\"><img decoding=\"async\" srcset=\"https:\/\/i0.wp.com\/adare.mx\/wp-content\/uploads\/2025\/07\/Acceso_f1-1024x576.png?resize=600%2C600&#038;strip=info&#038;ssl=1 600w,https:\/\/i0.wp.com\/adare.mx\/wp-content\/uploads\/2025\/07\/Acceso_f1-1024x576.png?resize=900%2C900&#038;strip=info&#038;ssl=1 900w,https:\/\/i0.wp.com\/adare.mx\/wp-content\/uploads\/2025\/07\/Acceso_f1-1024x576.png?resize=1200%2C1200&#038;strip=info&#038;ssl=1 1200w,https:\/\/i0.wp.com\/adare.mx\/wp-content\/uploads\/2025\/07\/Acceso_f1-1024x576.png?resize=1440%2C1440&#038;strip=info&#038;ssl=1 1440w\" alt=\"\" data-height=\"1440\" data-id=\"145\" data-link=\"https:\/\/adare.mx\/index.php\/inicio\/diseno\/acceso_f1\/\" data-url=\"https:\/\/adare.mx\/wp-content\/uploads\/2025\/07\/Acceso_f1-1024x576.png\" data-width=\"2560\" src=\"https:\/\/i0.wp.com\/adare.mx\/wp-content\/uploads\/2025\/07\/Acceso_f1-1024x576.png?ssl=1&amp;resize=1440%2C1440\" data-amp-layout=\"responsive\"\/><\/figure><\/div><div class=\"tiled-gallery__col\"><figure class=\"tiled-gallery__item\"><img decoding=\"async\" srcset=\"https:\/\/i0.wp.com\/adare.mx\/wp-content\/uploads\/2025\/07\/PB_web.png?resize=600%2C600&#038;strip=info&#038;ssl=1 600w,https:\/\/i0.wp.com\/adare.mx\/wp-content\/uploads\/2025\/07\/PB_web.png?resize=792%2C792&#038;strip=info&#038;ssl=1 792w\" alt=\"\" data-height=\"792\" data-id=\"136\" data-link=\"https:\/\/adare.mx\/index.php\/inicio\/diseno\/pb_web\/\" data-url=\"https:\/\/adare.mx\/wp-content\/uploads\/2025\/07\/PB_web.png\" data-width=\"1000\" src=\"https:\/\/i0.wp.com\/adare.mx\/wp-content\/uploads\/2025\/07\/PB_web.png?ssl=1&amp;resize=792%2C792\" data-amp-layout=\"responsive\"\/><\/figure><\/div><div class=\"tiled-gallery__col\"><figure class=\"tiled-gallery__item\"><img decoding=\"async\" srcset=\"https:\/\/i0.wp.com\/adare.mx\/wp-content\/uploads\/2025\/07\/Losa_m2-539x1024.png?resize=600%2C600&#038;strip=info&#038;ssl=1 600w,https:\/\/i0.wp.com\/adare.mx\/wp-content\/uploads\/2025\/07\/Losa_m2-539x1024.png?resize=900%2C900&#038;strip=info&#038;ssl=1 900w,https:\/\/i0.wp.com\/adare.mx\/wp-content\/uploads\/2025\/07\/Losa_m2-539x1024.png?resize=1000%2C1000&#038;strip=info&#038;ssl=1 1000w\" alt=\"\" data-height=\"1900\" data-id=\"142\" data-link=\"https:\/\/adare.mx\/index.php\/inicio\/diseno\/losa_m2\/\" data-url=\"https:\/\/adare.mx\/wp-content\/uploads\/2025\/07\/Losa_m2-539x1024.png\" data-width=\"1000\" src=\"https:\/\/i0.wp.com\/adare.mx\/wp-content\/uploads\/2025\/07\/Losa_m2-539x1024.png?ssl=1&amp;resize=1000%2C1000\" data-amp-layout=\"responsive\"\/><\/figure><\/div><\/div><div class=\"tiled-gallery__row columns-5\"><div class=\"tiled-gallery__col\"><figure class=\"tiled-gallery__item\"><img decoding=\"async\" srcset=\"https:\/\/i0.wp.com\/adare.mx\/wp-content\/uploads\/2025\/07\/GaleriaM-991x1024.png?resize=600%2C600&#038;strip=info&#038;ssl=1 600w,https:\/\/i0.wp.com\/adare.mx\/wp-content\/uploads\/2025\/07\/GaleriaM-991x1024.png?resize=900%2C900&#038;strip=info&#038;ssl=1 900w,https:\/\/i0.wp.com\/adare.mx\/wp-content\/uploads\/2025\/07\/GaleriaM-991x1024.png?resize=1200%2C1200&#038;strip=info&#038;ssl=1 1200w,https:\/\/i0.wp.com\/adare.mx\/wp-content\/uploads\/2025\/07\/GaleriaM-991x1024.png?resize=1500%2C1500&#038;strip=info&#038;ssl=1 1500w,https:\/\/i0.wp.com\/adare.mx\/wp-content\/uploads\/2025\/07\/GaleriaM-991x1024.png?resize=1800%2C1800&#038;strip=info&#038;ssl=1 1800w,https:\/\/i0.wp.com\/adare.mx\/wp-content\/uploads\/2025\/07\/GaleriaM-991x1024.png?resize=2000%2C2000&#038;strip=info&#038;ssl=1 2000w\" alt=\"\" data-height=\"2066\" data-id=\"140\" data-link=\"https:\/\/adare.mx\/index.php\/inicio\/diseno\/galeriam\/\" data-url=\"https:\/\/adare.mx\/wp-content\/uploads\/2025\/07\/GaleriaM-991x1024.png\" data-width=\"2000\" src=\"https:\/\/i0.wp.com\/adare.mx\/wp-content\/uploads\/2025\/07\/GaleriaM-991x1024.png?ssl=1&amp;resize=2000%2C2000\" data-amp-layout=\"responsive\"\/><\/figure><\/div><div class=\"tiled-gallery__col\"><figure class=\"tiled-gallery__item\"><img decoding=\"async\" srcset=\"https:\/\/i0.wp.com\/adare.mx\/wp-content\/uploads\/2025\/07\/TERRAZA-1-1024x768.jpg?resize=600%2C600&#038;strip=info&#038;ssl=1 600w,https:\/\/i0.wp.com\/adare.mx\/wp-content\/uploads\/2025\/07\/TERRAZA-1-1024x768.jpg?resize=900%2C900&#038;strip=info&#038;ssl=1 900w,https:\/\/i0.wp.com\/adare.mx\/wp-content\/uploads\/2025\/07\/TERRAZA-1-1024x768.jpg?resize=960%2C960&#038;strip=info&#038;ssl=1 960w\" alt=\"\" data-height=\"960\" data-id=\"148\" data-link=\"https:\/\/adare.mx\/terraza-2\/\" data-url=\"https:\/\/adare.mx\/wp-content\/uploads\/2025\/07\/TERRAZA-1-1024x768.jpg\" data-width=\"1280\" src=\"https:\/\/i0.wp.com\/adare.mx\/wp-content\/uploads\/2025\/07\/TERRAZA-1-1024x768.jpg?ssl=1&amp;resize=960%2C960\" data-amp-layout=\"responsive\"\/><\/figure><\/div><div class=\"tiled-gallery__col\"><figure class=\"tiled-gallery__item\"><img decoding=\"async\" srcset=\"https:\/\/i0.wp.com\/adare.mx\/wp-content\/uploads\/2025\/07\/FACHADA-PRINCIPAL-1024x605.jpg?resize=600%2C600&#038;strip=info&#038;ssl=1 600w,https:\/\/i0.wp.com\/adare.mx\/wp-content\/uploads\/2025\/07\/FACHADA-PRINCIPAL-1024x605.jpg?resize=756%2C756&#038;strip=info&#038;ssl=1 756w\" alt=\"\" data-height=\"756\" data-id=\"149\" data-link=\"https:\/\/adare.mx\/fachada-principal\/\" data-url=\"https:\/\/adare.mx\/wp-content\/uploads\/2025\/07\/FACHADA-PRINCIPAL-1024x605.jpg\" data-width=\"1280\" src=\"https:\/\/i0.wp.com\/adare.mx\/wp-content\/uploads\/2025\/07\/FACHADA-PRINCIPAL-1024x605.jpg?ssl=1&amp;resize=756%2C756\" data-amp-layout=\"responsive\"\/><\/figure><\/div><div class=\"tiled-gallery__col\"><figure class=\"tiled-gallery__item\"><img decoding=\"async\" srcset=\"https:\/\/i0.wp.com\/adare.mx\/wp-content\/uploads\/2025\/08\/Captura-desde-2025-05-12-10-43-19-1024x926.png?resize=600%2C600&#038;strip=info&#038;ssl=1 600w,https:\/\/i0.wp.com\/adare.mx\/wp-content\/uploads\/2025\/08\/Captura-desde-2025-05-12-10-43-19-1024x926.png?resize=900%2C900&#038;strip=info&#038;ssl=1 900w,https:\/\/i0.wp.com\/adare.mx\/wp-content\/uploads\/2025\/08\/Captura-desde-2025-05-12-10-43-19-1024x926.png?resize=975%2C975&#038;strip=info&#038;ssl=1 975w\" alt=\"\" data-height=\"975\" data-id=\"179\" data-link=\"https:\/\/adare.mx\/index.php\/inicio\/diseno\/captura-desde-2025-05-12-10-43-19\/\" data-url=\"https:\/\/adare.mx\/wp-content\/uploads\/2025\/08\/Captura-desde-2025-05-12-10-43-19-1024x926.png\" data-width=\"1078\" src=\"https:\/\/i0.wp.com\/adare.mx\/wp-content\/uploads\/2025\/08\/Captura-desde-2025-05-12-10-43-19-1024x926.png?ssl=1&amp;resize=975%2C975\" data-amp-layout=\"responsive\"\/><\/figure><\/div><div class=\"tiled-gallery__col\"><figure class=\"tiled-gallery__item\"><img decoding=\"async\" srcset=\"https:\/\/i0.wp.com\/adare.mx\/wp-content\/uploads\/2025\/08\/Captura-desde-2025-05-12-10-46-53-1024x843.png?resize=600%2C600&#038;strip=info&#038;ssl=1 600w,https:\/\/i0.wp.com\/adare.mx\/wp-content\/uploads\/2025\/08\/Captura-desde-2025-05-12-10-46-53-1024x843.png?resize=900%2C900&#038;strip=info&#038;ssl=1 900w,https:\/\/i0.wp.com\/adare.mx\/wp-content\/uploads\/2025\/08\/Captura-desde-2025-05-12-10-46-53-1024x843.png?resize=1092%2C1092&#038;strip=info&#038;ssl=1 1092w\" alt=\"\" data-height=\"1092\" data-id=\"180\" data-link=\"https:\/\/adare.mx\/index.php\/inicio\/diseno\/captura-desde-2025-05-12-10-46-53\/\" data-url=\"https:\/\/adare.mx\/wp-content\/uploads\/2025\/08\/Captura-desde-2025-05-12-10-46-53-1024x843.png\" data-width=\"1327\" src=\"https:\/\/i0.wp.com\/adare.mx\/wp-content\/uploads\/2025\/08\/Captura-desde-2025-05-12-10-46-53-1024x843.png?ssl=1&amp;resize=1092%2C1092\" data-amp-layout=\"responsive\"\/><\/figure><\/div><\/div><\/div><\/div><\/div>\n\n\n\n<blockquote class=\"wp-block-quote alignwide is-layout-flow wp-block-quote-is-layout-flow\">\n<p class=\"has-text-align-center is-style-default has-x-large-font-size\" style=\"border-style:none;border-width:0px;padding-top:var(--wp--preset--spacing--30);padding-right:var(--wp--preset--spacing--30);padding-bottom:var(--wp--preset--spacing--30);padding-left:var(--wp--preset--spacing--30)\">Dise\u00f1o de edificaci\u00f3n residencial y comercial a nivel ejecutivo para obras completas, remodelaciones o ampliaciones<\/p>\n<\/blockquote>\n\n\n\n<p><\/p>\n","protected":false},"excerpt":{"rendered":"<p>Dise\u00f1o Arquitect\u00f3nico Dise\u00f1o de edificaci\u00f3n residencial y comercial a nivel ejecutivo para obras completas, remodelaciones o ampliaciones<\/p>\n","protected":false},"author":1,"featured_media":0,"parent":86,"menu_order":0,"comment_status":"closed","ping_status":"closed","template":"page-no-title","meta":{"footnotes":""},"class_list":["post-134","page","type-page","status-publish","hentry"],"yoast_head":"<!-- This site is optimized with the Yoast SEO plugin v25.6 - https:\/\/yoast.com\/wordpress\/plugins\/seo\/ -->\n<title>Dise\u00f1o - ADARE<\/title>\n<meta name=\"robots\" content=\"index, follow, max-snippet:-1, max-image-preview:large, max-video-preview:-1\" \/>\n<link rel=\"canonical\" href=\"https:\/\/adare.mx\/index.php\/inicio\/diseno\/\" \/>\n<meta property=\"og:locale\" content=\"es_ES\" \/>\n<meta property=\"og:type\" content=\"article\" \/>\n<meta property=\"og:title\" content=\"Dise\u00f1o - ADARE\" \/>\n<meta property=\"og:description\" content=\"Dise\u00f1o Arquitect\u00f3nico Dise\u00f1o de edificaci\u00f3n residencial y comercial a nivel ejecutivo para obras completas, remodelaciones o ampliaciones\" \/>\n<meta property=\"og:url\" content=\"https:\/\/adare.mx\/index.php\/inicio\/diseno\/\" \/>\n<meta property=\"og:site_name\" content=\"ADARE\" \/>\n<meta property=\"article:modified_time\" content=\"2025-08-01T22:37:43+00:00\" \/>\n<meta property=\"og:image\" content=\"https:\/\/i0.wp.com\/adare.mx\/wp-content\/uploads\/2025\/07\/5FB_fprincipal1_2-1024x926.png?ssl=1&amp;resize=1302%2C1302\" \/>\n<meta name=\"twitter:card\" content=\"summary_large_image\" \/>\n<meta name=\"twitter:label1\" content=\"Tiempo de lectura\" \/>\n\t<meta name=\"twitter:data1\" content=\"4 minutos\" \/>\n<script type=\"application\/ld+json\" class=\"yoast-schema-graph\">{\"@context\":\"https:\/\/schema.org\",\"@graph\":[{\"@type\":\"WebPage\",\"@id\":\"https:\/\/adare.mx\/index.php\/inicio\/diseno\/\",\"url\":\"https:\/\/adare.mx\/index.php\/inicio\/diseno\/\",\"name\":\"Dise\u00f1o - ADARE\",\"isPartOf\":{\"@id\":\"https:\/\/adare.mx\/#website\"},\"primaryImageOfPage\":{\"@id\":\"https:\/\/adare.mx\/index.php\/inicio\/diseno\/#primaryimage\"},\"image\":{\"@id\":\"https:\/\/adare.mx\/index.php\/inicio\/diseno\/#primaryimage\"},\"thumbnailUrl\":\"https:\/\/i0.wp.com\/adare.mx\/wp-content\/uploads\/2025\/07\/5FB_fprincipal1_2-1024x926.png?ssl=1&amp;resize=1302%2C1302\",\"datePublished\":\"2025-07-29T23:13:36+00:00\",\"dateModified\":\"2025-08-01T22:37:43+00:00\",\"breadcrumb\":{\"@id\":\"https:\/\/adare.mx\/index.php\/inicio\/diseno\/#breadcrumb\"},\"inLanguage\":\"es\",\"potentialAction\":[{\"@type\":\"ReadAction\",\"target\":[\"https:\/\/adare.mx\/index.php\/inicio\/diseno\/\"]}]},{\"@type\":\"ImageObject\",\"inLanguage\":\"es\",\"@id\":\"https:\/\/adare.mx\/index.php\/inicio\/diseno\/#primaryimage\",\"url\":\"https:\/\/i0.wp.com\/adare.mx\/wp-content\/uploads\/2025\/07\/5FB_fprincipal1_2-1024x926.png?ssl=1&amp;resize=1302%2C1302\",\"contentUrl\":\"https:\/\/i0.wp.com\/adare.mx\/wp-content\/uploads\/2025\/07\/5FB_fprincipal1_2-1024x926.png?ssl=1&amp;resize=1302%2C1302\"},{\"@type\":\"BreadcrumbList\",\"@id\":\"https:\/\/adare.mx\/index.php\/inicio\/diseno\/#breadcrumb\",\"itemListElement\":[{\"@type\":\"ListItem\",\"position\":1,\"name\":\"Portada\",\"item\":\"https:\/\/adare.mx\/\"},{\"@type\":\"ListItem\",\"position\":2,\"name\":\"Homepage\",\"item\":\"https:\/\/adare.mx\/\"},{\"@type\":\"ListItem\",\"position\":3,\"name\":\"Dise\u00f1o\"}]},{\"@type\":\"WebSite\",\"@id\":\"https:\/\/adare.mx\/#website\",\"url\":\"https:\/\/adare.mx\/\",\"name\":\"ADARE\",\"description\":\"\",\"publisher\":{\"@id\":\"https:\/\/adare.mx\/#organization\"},\"potentialAction\":[{\"@type\":\"SearchAction\",\"target\":{\"@type\":\"EntryPoint\",\"urlTemplate\":\"https:\/\/adare.mx\/?s={search_term_string}\"},\"query-input\":{\"@type\":\"PropertyValueSpecification\",\"valueRequired\":true,\"valueName\":\"search_term_string\"}}],\"inLanguage\":\"es\"},{\"@type\":\"Organization\",\"@id\":\"https:\/\/adare.mx\/#organization\",\"name\":\"ADARE\",\"url\":\"https:\/\/adare.mx\/\",\"logo\":{\"@type\":\"ImageObject\",\"inLanguage\":\"es\",\"@id\":\"https:\/\/adare.mx\/#\/schema\/logo\/image\/\",\"url\":\"https:\/\/adare.mx\/wp-content\/uploads\/2025\/07\/a.png\",\"contentUrl\":\"https:\/\/adare.mx\/wp-content\/uploads\/2025\/07\/a.png\",\"width\":1152,\"height\":1015,\"caption\":\"ADARE\"},\"image\":{\"@id\":\"https:\/\/adare.mx\/#\/schema\/logo\/image\/\"}}]}<\/script>\n<!-- \/ Yoast SEO plugin. -->","yoast_head_json":{"title":"Dise\u00f1o - ADARE","robots":{"index":"index","follow":"follow","max-snippet":"max-snippet:-1","max-image-preview":"max-image-preview:large","max-video-preview":"max-video-preview:-1"},"canonical":"https:\/\/adare.mx\/index.php\/inicio\/diseno\/","og_locale":"es_ES","og_type":"article","og_title":"Dise\u00f1o - ADARE","og_description":"Dise\u00f1o Arquitect\u00f3nico Dise\u00f1o de edificaci\u00f3n residencial y comercial a nivel ejecutivo para obras completas, remodelaciones o ampliaciones","og_url":"https:\/\/adare.mx\/index.php\/inicio\/diseno\/","og_site_name":"ADARE","article_modified_time":"2025-08-01T22:37:43+00:00","og_image":[{"url":"https:\/\/i0.wp.com\/adare.mx\/wp-content\/uploads\/2025\/07\/5FB_fprincipal1_2-1024x926.png?ssl=1&amp;resize=1302%2C1302","type":"","width":"","height":""}],"twitter_card":"summary_large_image","twitter_misc":{"Tiempo de lectura":"4 minutos"},"schema":{"@context":"https:\/\/schema.org","@graph":[{"@type":"WebPage","@id":"https:\/\/adare.mx\/index.php\/inicio\/diseno\/","url":"https:\/\/adare.mx\/index.php\/inicio\/diseno\/","name":"Dise\u00f1o - ADARE","isPartOf":{"@id":"https:\/\/adare.mx\/#website"},"primaryImageOfPage":{"@id":"https:\/\/adare.mx\/index.php\/inicio\/diseno\/#primaryimage"},"image":{"@id":"https:\/\/adare.mx\/index.php\/inicio\/diseno\/#primaryimage"},"thumbnailUrl":"https:\/\/i0.wp.com\/adare.mx\/wp-content\/uploads\/2025\/07\/5FB_fprincipal1_2-1024x926.png?ssl=1&amp;resize=1302%2C1302","datePublished":"2025-07-29T23:13:36+00:00","dateModified":"2025-08-01T22:37:43+00:00","breadcrumb":{"@id":"https:\/\/adare.mx\/index.php\/inicio\/diseno\/#breadcrumb"},"inLanguage":"es","potentialAction":[{"@type":"ReadAction","target":["https:\/\/adare.mx\/index.php\/inicio\/diseno\/"]}]},{"@type":"ImageObject","inLanguage":"es","@id":"https:\/\/adare.mx\/index.php\/inicio\/diseno\/#primaryimage","url":"https:\/\/i0.wp.com\/adare.mx\/wp-content\/uploads\/2025\/07\/5FB_fprincipal1_2-1024x926.png?ssl=1&amp;resize=1302%2C1302","contentUrl":"https:\/\/i0.wp.com\/adare.mx\/wp-content\/uploads\/2025\/07\/5FB_fprincipal1_2-1024x926.png?ssl=1&amp;resize=1302%2C1302"},{"@type":"BreadcrumbList","@id":"https:\/\/adare.mx\/index.php\/inicio\/diseno\/#breadcrumb","itemListElement":[{"@type":"ListItem","position":1,"name":"Portada","item":"https:\/\/adare.mx\/"},{"@type":"ListItem","position":2,"name":"Homepage","item":"https:\/\/adare.mx\/"},{"@type":"ListItem","position":3,"name":"Dise\u00f1o"}]},{"@type":"WebSite","@id":"https:\/\/adare.mx\/#website","url":"https:\/\/adare.mx\/","name":"ADARE","description":"","publisher":{"@id":"https:\/\/adare.mx\/#organization"},"potentialAction":[{"@type":"SearchAction","target":{"@type":"EntryPoint","urlTemplate":"https:\/\/adare.mx\/?s={search_term_string}"},"query-input":{"@type":"PropertyValueSpecification","valueRequired":true,"valueName":"search_term_string"}}],"inLanguage":"es"},{"@type":"Organization","@id":"https:\/\/adare.mx\/#organization","name":"ADARE","url":"https:\/\/adare.mx\/","logo":{"@type":"ImageObject","inLanguage":"es","@id":"https:\/\/adare.mx\/#\/schema\/logo\/image\/","url":"https:\/\/adare.mx\/wp-content\/uploads\/2025\/07\/a.png","contentUrl":"https:\/\/adare.mx\/wp-content\/uploads\/2025\/07\/a.png","width":1152,"height":1015,"caption":"ADARE"},"image":{"@id":"https:\/\/adare.mx\/#\/schema\/logo\/image\/"}}]}},"jetpack_sharing_enabled":true,"_links":{"self":[{"href":"https:\/\/adare.mx\/index.php\/wp-json\/wp\/v2\/pages\/134","targetHints":{"allow":["GET"]}}],"collection":[{"href":"https:\/\/adare.mx\/index.php\/wp-json\/wp\/v2\/pages"}],"about":[{"href":"https:\/\/adare.mx\/index.php\/wp-json\/wp\/v2\/types\/page"}],"author":[{"embeddable":true,"href":"https:\/\/adare.mx\/index.php\/wp-json\/wp\/v2\/users\/1"}],"replies":[{"embeddable":true,"href":"https:\/\/adare.mx\/index.php\/wp-json\/wp\/v2\/comments?post=134"}],"version-history":[{"count":7,"href":"https:\/\/adare.mx\/index.php\/wp-json\/wp\/v2\/pages\/134\/revisions"}],"predecessor-version":[{"id":191,"href":"https:\/\/adare.mx\/index.php\/wp-json\/wp\/v2\/pages\/134\/revisions\/191"}],"up":[{"embeddable":true,"href":"https:\/\/adare.mx\/index.php\/wp-json\/wp\/v2\/pages\/86"}],"wp:attachment":[{"href":"https:\/\/adare.mx\/index.php\/wp-json\/wp\/v2\/media?parent=134"}],"curies":[{"name":"wp","href":"https:\/\/api.w.org\/{rel}","templated":true}]}}