{"id":151,"date":"2025-08-01T22:08:00","date_gmt":"2025-08-01T22:08:00","guid":{"rendered":"https:\/\/adare.mx\/?page_id=151"},"modified":"2025-08-01T22:45:25","modified_gmt":"2025-08-01T22:45:25","slug":"consultoria","status":"publish","type":"page","link":"https:\/\/adare.mx\/index.php\/consultoria\/","title":{"rendered":"Consultor\u00eda"},"content":{"rendered":"\n<h1 class=\"wp-block-heading has-text-align-center\" style=\"margin-top:0;margin-bottom:0;font-size:clamp(2.111rem, 2.111rem + ((1vw - 0.2rem) * 2.649), 3.8rem);font-style:normal;font-weight:600\">Consultor\u00eda<\/h1>\n\n\n\n<div class=\"wp-block-jetpack-tiled-gallery alignwide is-style-square\"><div class=\"has-rounded-corners-8\"><div class=\"tiled-gallery__gallery\"><div class=\"tiled-gallery__row columns-3\"><div class=\"tiled-gallery__col\"><figure class=\"tiled-gallery__item\"><img decoding=\"async\" srcset=\"https:\/\/i0.wp.com\/adare.mx\/wp-content\/uploads\/2025\/07\/napa.png?resize=600%2C600&#038;strip=info&#038;ssl=1 600w,https:\/\/i0.wp.com\/adare.mx\/wp-content\/uploads\/2025\/07\/napa.png?resize=738%2C738&#038;strip=info&#038;ssl=1 738w\" alt=\"\" data-height=\"738\" data-id=\"156\" data-link=\"https:\/\/adare.mx\/napa\/\" data-url=\"https:\/\/adare.mx\/wp-content\/uploads\/2025\/07\/napa.png\" data-width=\"1023\" src=\"https:\/\/i0.wp.com\/adare.mx\/wp-content\/uploads\/2025\/07\/napa.png?ssl=1&amp;resize=738%2C738\" data-amp-layout=\"responsive\"\/><\/figure><\/div><div class=\"tiled-gallery__col\"><figure class=\"tiled-gallery__item\"><img decoding=\"async\" srcset=\"https:\/\/i0.wp.com\/adare.mx\/wp-content\/uploads\/2025\/08\/Captura-desde-2025-05-14-11-42-51-1024x551.png?resize=600%2C600&#038;strip=info&#038;ssl=1 600w,https:\/\/i0.wp.com\/adare.mx\/wp-content\/uploads\/2025\/08\/Captura-desde-2025-05-14-11-42-51-1024x551.png?resize=900%2C900&#038;strip=info&#038;ssl=1 900w,https:\/\/i0.wp.com\/adare.mx\/wp-content\/uploads\/2025\/08\/Captura-desde-2025-05-14-11-42-51-1024x551.png?resize=907%2C907&#038;strip=info&#038;ssl=1 907w\" alt=\"\" data-height=\"907\" data-id=\"167\" data-link=\"https:\/\/adare.mx\/captura-desde-2025-05-14-11-42-51\/\" data-url=\"https:\/\/adare.mx\/wp-content\/uploads\/2025\/08\/Captura-desde-2025-05-14-11-42-51-1024x551.png\" data-width=\"1687\" src=\"https:\/\/i0.wp.com\/adare.mx\/wp-content\/uploads\/2025\/08\/Captura-desde-2025-05-14-11-42-51-1024x551.png?ssl=1&amp;resize=907%2C907\" data-amp-layout=\"responsive\"\/><\/figure><\/div><div class=\"tiled-gallery__col\"><figure class=\"tiled-gallery__item\"><img decoding=\"async\" srcset=\"https:\/\/i0.wp.com\/adare.mx\/wp-content\/uploads\/2025\/07\/napa3-1024x733.png?resize=600%2C600&#038;strip=info&#038;ssl=1 600w,https:\/\/i0.wp.com\/adare.mx\/wp-content\/uploads\/2025\/07\/napa3-1024x733.png?resize=844%2C844&#038;strip=info&#038;ssl=1 844w\" alt=\"\" data-height=\"844\" data-id=\"157\" data-link=\"https:\/\/adare.mx\/napa3\/\" data-url=\"https:\/\/adare.mx\/wp-content\/uploads\/2025\/07\/napa3-1024x733.png\" data-width=\"1179\" src=\"https:\/\/i0.wp.com\/adare.mx\/wp-content\/uploads\/2025\/07\/napa3-1024x733.png?ssl=1&amp;resize=844%2C844\" data-amp-layout=\"responsive\"\/><\/figure><\/div><\/div><div class=\"tiled-gallery__row columns-4\"><div class=\"tiled-gallery__col\"><figure class=\"tiled-gallery__item\"><img decoding=\"async\" srcset=\"https:\/\/i0.wp.com\/adare.mx\/wp-content\/uploads\/2025\/08\/hyatt1-1024x736.jpg?resize=600%2C600&#038;strip=info&#038;ssl=1 600w,https:\/\/i0.wp.com\/adare.mx\/wp-content\/uploads\/2025\/08\/hyatt1-1024x736.jpg?resize=853%2C853&#038;strip=info&#038;ssl=1 853w\" alt=\"\" data-height=\"853\" data-id=\"171\" data-link=\"https:\/\/adare.mx\/hyatt1-2\/\" data-url=\"https:\/\/adare.mx\/wp-content\/uploads\/2025\/08\/hyatt1-1024x736.jpg\" data-width=\"1187\" src=\"https:\/\/i0.wp.com\/adare.mx\/wp-content\/uploads\/2025\/08\/hyatt1-1024x736.jpg?ssl=1&amp;resize=853%2C853\" data-amp-layout=\"responsive\"\/><\/figure><\/div><div class=\"tiled-gallery__col\"><figure class=\"tiled-gallery__item\"><img decoding=\"async\" srcset=\"https:\/\/i0.wp.com\/adare.mx\/wp-content\/uploads\/2025\/07\/29-37_n-1024x612.jpg?resize=600%2C600&#038;strip=info&#038;ssl=1 600w,https:\/\/i0.wp.com\/adare.mx\/wp-content\/uploads\/2025\/07\/29-37_n-1024x612.jpg?resize=900%2C900&#038;strip=info&#038;ssl=1 900w,https:\/\/i0.wp.com\/adare.mx\/wp-content\/uploads\/2025\/07\/29-37_n-1024x612.jpg?resize=947%2C947&#038;strip=info&#038;ssl=1 947w\" alt=\"\" data-height=\"947\" data-id=\"154\" data-link=\"https:\/\/adare.mx\/29-37_n\/\" data-url=\"https:\/\/adare.mx\/wp-content\/uploads\/2025\/07\/29-37_n-1024x612.jpg\" data-width=\"1585\" src=\"https:\/\/i0.wp.com\/adare.mx\/wp-content\/uploads\/2025\/07\/29-37_n-1024x612.jpg?ssl=1&amp;resize=947%2C947\" data-amp-layout=\"responsive\"\/><\/figure><\/div><div class=\"tiled-gallery__col\"><figure class=\"tiled-gallery__item\"><img decoding=\"async\" srcset=\"https:\/\/i0.wp.com\/adare.mx\/wp-content\/uploads\/2025\/08\/Captura-desde-2025-08-01-15-57-50-1024x714.jpg?resize=600%2C600&#038;strip=info&#038;ssl=1 600w,https:\/\/i0.wp.com\/adare.mx\/wp-content\/uploads\/2025\/08\/Captura-desde-2025-08-01-15-57-50-1024x714.jpg?resize=858%2C858&#038;strip=info&#038;ssl=1 858w\" alt=\"\" data-height=\"858\" data-id=\"172\" data-link=\"https:\/\/adare.mx\/captura-desde-2025-08-01-15-57-50-2\/\" data-url=\"https:\/\/adare.mx\/wp-content\/uploads\/2025\/08\/Captura-desde-2025-08-01-15-57-50-1024x714.jpg\" data-width=\"1231\" src=\"https:\/\/i0.wp.com\/adare.mx\/wp-content\/uploads\/2025\/08\/Captura-desde-2025-08-01-15-57-50-1024x714.jpg?ssl=1&amp;resize=858%2C858\" data-amp-layout=\"responsive\"\/><\/figure><\/div><div class=\"tiled-gallery__col\"><figure class=\"tiled-gallery__item\"><img decoding=\"async\" srcset=\"https:\/\/i0.wp.com\/adare.mx\/wp-content\/uploads\/2025\/08\/Sin-nombre-1.jpg?resize=493%2C493&#038;strip=info&#038;ssl=1 493w\" alt=\"\" data-height=\"493\" data-id=\"175\" data-link=\"https:\/\/adare.mx\/sin-nombre-2\/\" data-url=\"https:\/\/adare.mx\/wp-content\/uploads\/2025\/08\/Sin-nombre-1.jpg\" data-width=\"866\" src=\"https:\/\/i0.wp.com\/adare.mx\/wp-content\/uploads\/2025\/08\/Sin-nombre-1.jpg?ssl=1&amp;resize=493%2C493\" data-amp-layout=\"responsive\"\/><\/figure><\/div><\/div><\/div><\/div><\/div>\n\n\n\n<blockquote class=\"wp-block-quote is-layout-flow wp-block-quote-is-layout-flow\">\n<p class=\"has-text-align-center has-x-large-font-size\">Consultor\u00eda en construcci\u00f3n y dise\u00f1o estructural<\/p>\n<\/blockquote>\n","protected":false},"excerpt":{"rendered":"<p>Consultor\u00eda Consultor\u00eda en construcci\u00f3n y dise\u00f1o estructural<\/p>\n","protected":false},"author":1,"featured_media":0,"parent":0,"menu_order":0,"comment_status":"closed","ping_status":"closed","template":"page-no-title","meta":{"footnotes":""},"class_list":["post-151","page","type-page","status-publish","hentry"],"yoast_head":"<!-- This site is optimized with the Yoast SEO plugin v25.6 - https:\/\/yoast.com\/wordpress\/plugins\/seo\/ -->\n<title>Consultor\u00eda - ADARE<\/title>\n<meta name=\"robots\" content=\"index, follow, max-snippet:-1, max-image-preview:large, max-video-preview:-1\" \/>\n<link rel=\"canonical\" href=\"https:\/\/adare.mx\/index.php\/consultoria\/\" \/>\n<meta property=\"og:locale\" content=\"es_ES\" \/>\n<meta property=\"og:type\" content=\"article\" \/>\n<meta property=\"og:title\" content=\"Consultor\u00eda - ADARE\" \/>\n<meta property=\"og:description\" content=\"Consultor\u00eda Consultor\u00eda en construcci\u00f3n y dise\u00f1o estructural\" \/>\n<meta property=\"og:url\" content=\"https:\/\/adare.mx\/index.php\/consultoria\/\" \/>\n<meta property=\"og:site_name\" content=\"ADARE\" \/>\n<meta property=\"article:modified_time\" content=\"2025-08-01T22:45:25+00:00\" \/>\n<meta property=\"og:image\" content=\"https:\/\/i0.wp.com\/adare.mx\/wp-content\/uploads\/2025\/07\/napa.png?ssl=1&amp;resize=738%2C738\" \/>\n<meta name=\"twitter:card\" content=\"summary_large_image\" \/>\n<meta name=\"twitter:label1\" content=\"Tiempo de lectura\" \/>\n\t<meta name=\"twitter:data1\" content=\"2 minutos\" \/>\n<script type=\"application\/ld+json\" class=\"yoast-schema-graph\">{\"@context\":\"https:\/\/schema.org\",\"@graph\":[{\"@type\":\"WebPage\",\"@id\":\"https:\/\/adare.mx\/index.php\/consultoria\/\",\"url\":\"https:\/\/adare.mx\/index.php\/consultoria\/\",\"name\":\"Consultor\u00eda - ADARE\",\"isPartOf\":{\"@id\":\"https:\/\/adare.mx\/#website\"},\"primaryImageOfPage\":{\"@id\":\"https:\/\/adare.mx\/index.php\/consultoria\/#primaryimage\"},\"image\":{\"@id\":\"https:\/\/adare.mx\/index.php\/consultoria\/#primaryimage\"},\"thumbnailUrl\":\"https:\/\/i0.wp.com\/adare.mx\/wp-content\/uploads\/2025\/07\/napa.png?ssl=1&amp;resize=738%2C738\",\"datePublished\":\"2025-08-01T22:08:00+00:00\",\"dateModified\":\"2025-08-01T22:45:25+00:00\",\"breadcrumb\":{\"@id\":\"https:\/\/adare.mx\/index.php\/consultoria\/#breadcrumb\"},\"inLanguage\":\"es\",\"potentialAction\":[{\"@type\":\"ReadAction\",\"target\":[\"https:\/\/adare.mx\/index.php\/consultoria\/\"]}]},{\"@type\":\"ImageObject\",\"inLanguage\":\"es\",\"@id\":\"https:\/\/adare.mx\/index.php\/consultoria\/#primaryimage\",\"url\":\"https:\/\/i0.wp.com\/adare.mx\/wp-content\/uploads\/2025\/07\/napa.png?ssl=1&amp;resize=738%2C738\",\"contentUrl\":\"https:\/\/i0.wp.com\/adare.mx\/wp-content\/uploads\/2025\/07\/napa.png?ssl=1&amp;resize=738%2C738\"},{\"@type\":\"BreadcrumbList\",\"@id\":\"https:\/\/adare.mx\/index.php\/consultoria\/#breadcrumb\",\"itemListElement\":[{\"@type\":\"ListItem\",\"position\":1,\"name\":\"Portada\",\"item\":\"https:\/\/adare.mx\/\"},{\"@type\":\"ListItem\",\"position\":2,\"name\":\"Consultor\u00eda\"}]},{\"@type\":\"WebSite\",\"@id\":\"https:\/\/adare.mx\/#website\",\"url\":\"https:\/\/adare.mx\/\",\"name\":\"ADARE\",\"description\":\"\",\"publisher\":{\"@id\":\"https:\/\/adare.mx\/#organization\"},\"potentialAction\":[{\"@type\":\"SearchAction\",\"target\":{\"@type\":\"EntryPoint\",\"urlTemplate\":\"https:\/\/adare.mx\/?s={search_term_string}\"},\"query-input\":{\"@type\":\"PropertyValueSpecification\",\"valueRequired\":true,\"valueName\":\"search_term_string\"}}],\"inLanguage\":\"es\"},{\"@type\":\"Organization\",\"@id\":\"https:\/\/adare.mx\/#organization\",\"name\":\"ADARE\",\"url\":\"https:\/\/adare.mx\/\",\"logo\":{\"@type\":\"ImageObject\",\"inLanguage\":\"es\",\"@id\":\"https:\/\/adare.mx\/#\/schema\/logo\/image\/\",\"url\":\"https:\/\/adare.mx\/wp-content\/uploads\/2025\/07\/a.png\",\"contentUrl\":\"https:\/\/adare.mx\/wp-content\/uploads\/2025\/07\/a.png\",\"width\":1152,\"height\":1015,\"caption\":\"ADARE\"},\"image\":{\"@id\":\"https:\/\/adare.mx\/#\/schema\/logo\/image\/\"}}]}<\/script>\n<!-- \/ Yoast SEO plugin. -->","yoast_head_json":{"title":"Consultor\u00eda - ADARE","robots":{"index":"index","follow":"follow","max-snippet":"max-snippet:-1","max-image-preview":"max-image-preview:large","max-video-preview":"max-video-preview:-1"},"canonical":"https:\/\/adare.mx\/index.php\/consultoria\/","og_locale":"es_ES","og_type":"article","og_title":"Consultor\u00eda - ADARE","og_description":"Consultor\u00eda Consultor\u00eda en construcci\u00f3n y dise\u00f1o estructural","og_url":"https:\/\/adare.mx\/index.php\/consultoria\/","og_site_name":"ADARE","article_modified_time":"2025-08-01T22:45:25+00:00","og_image":[{"url":"https:\/\/i0.wp.com\/adare.mx\/wp-content\/uploads\/2025\/07\/napa.png?ssl=1&amp;resize=738%2C738","type":"","width":"","height":""}],"twitter_card":"summary_large_image","twitter_misc":{"Tiempo de lectura":"2 minutos"},"schema":{"@context":"https:\/\/schema.org","@graph":[{"@type":"WebPage","@id":"https:\/\/adare.mx\/index.php\/consultoria\/","url":"https:\/\/adare.mx\/index.php\/consultoria\/","name":"Consultor\u00eda - ADARE","isPartOf":{"@id":"https:\/\/adare.mx\/#website"},"primaryImageOfPage":{"@id":"https:\/\/adare.mx\/index.php\/consultoria\/#primaryimage"},"image":{"@id":"https:\/\/adare.mx\/index.php\/consultoria\/#primaryimage"},"thumbnailUrl":"https:\/\/i0.wp.com\/adare.mx\/wp-content\/uploads\/2025\/07\/napa.png?ssl=1&amp;resize=738%2C738","datePublished":"2025-08-01T22:08:00+00:00","dateModified":"2025-08-01T22:45:25+00:00","breadcrumb":{"@id":"https:\/\/adare.mx\/index.php\/consultoria\/#breadcrumb"},"inLanguage":"es","potentialAction":[{"@type":"ReadAction","target":["https:\/\/adare.mx\/index.php\/consultoria\/"]}]},{"@type":"ImageObject","inLanguage":"es","@id":"https:\/\/adare.mx\/index.php\/consultoria\/#primaryimage","url":"https:\/\/i0.wp.com\/adare.mx\/wp-content\/uploads\/2025\/07\/napa.png?ssl=1&amp;resize=738%2C738","contentUrl":"https:\/\/i0.wp.com\/adare.mx\/wp-content\/uploads\/2025\/07\/napa.png?ssl=1&amp;resize=738%2C738"},{"@type":"BreadcrumbList","@id":"https:\/\/adare.mx\/index.php\/consultoria\/#breadcrumb","itemListElement":[{"@type":"ListItem","position":1,"name":"Portada","item":"https:\/\/adare.mx\/"},{"@type":"ListItem","position":2,"name":"Consultor\u00eda"}]},{"@type":"WebSite","@id":"https:\/\/adare.mx\/#website","url":"https:\/\/adare.mx\/","name":"ADARE","description":"","publisher":{"@id":"https:\/\/adare.mx\/#organization"},"potentialAction":[{"@type":"SearchAction","target":{"@type":"EntryPoint","urlTemplate":"https:\/\/adare.mx\/?s={search_term_string}"},"query-input":{"@type":"PropertyValueSpecification","valueRequired":true,"valueName":"search_term_string"}}],"inLanguage":"es"},{"@type":"Organization","@id":"https:\/\/adare.mx\/#organization","name":"ADARE","url":"https:\/\/adare.mx\/","logo":{"@type":"ImageObject","inLanguage":"es","@id":"https:\/\/adare.mx\/#\/schema\/logo\/image\/","url":"https:\/\/adare.mx\/wp-content\/uploads\/2025\/07\/a.png","contentUrl":"https:\/\/adare.mx\/wp-content\/uploads\/2025\/07\/a.png","width":1152,"height":1015,"caption":"ADARE"},"image":{"@id":"https:\/\/adare.mx\/#\/schema\/logo\/image\/"}}]}},"jetpack_sharing_enabled":true,"_links":{"self":[{"href":"https:\/\/adare.mx\/index.php\/wp-json\/wp\/v2\/pages\/151","targetHints":{"allow":["GET"]}}],"collection":[{"href":"https:\/\/adare.mx\/index.php\/wp-json\/wp\/v2\/pages"}],"about":[{"href":"https:\/\/adare.mx\/index.php\/wp-json\/wp\/v2\/types\/page"}],"author":[{"embeddable":true,"href":"https:\/\/adare.mx\/index.php\/wp-json\/wp\/v2\/users\/1"}],"replies":[{"embeddable":true,"href":"https:\/\/adare.mx\/index.php\/wp-json\/wp\/v2\/comments?post=151"}],"version-history":[{"count":9,"href":"https:\/\/adare.mx\/index.php\/wp-json\/wp\/v2\/pages\/151\/revisions"}],"predecessor-version":[{"id":197,"href":"https:\/\/adare.mx\/index.php\/wp-json\/wp\/v2\/pages\/151\/revisions\/197"}],"wp:attachment":[{"href":"https:\/\/adare.mx\/index.php\/wp-json\/wp\/v2\/media?parent=151"}],"curies":[{"name":"wp","href":"https:\/\/api.w.org\/{rel}","templated":true}]}}